{"id":550,"date":"2023-09-19T13:40:14","date_gmt":"2023-09-19T11:40:14","guid":{"rendered":"https:\/\/kiuni.uber.space\/?page_id=550"},"modified":"2023-09-21T17:13:00","modified_gmt":"2023-09-21T15:13:00","slug":"lexikon","status":"publish","type":"page","link":"https:\/\/kinderuni-siegen.de\/?page_id=550","title":{"rendered":"Lexikon"},"content":{"rendered":"\n<p>Wie ihr vielleicht schon bemerkt habt, begegnen euch an der Uni einige W\u00f6rter, die ihr bestimmt noch nicht kennt. Ich werde euch nun ein paar davon erkl\u00e4ren, damit ihr mitreden k\u00f6nnt. Und vielleicht bringt ihr sogar euren Eltern noch etwas bei!<\/p>\n\n\n\n<div class=\"wp-block-group has-raft-bg-alt-background-color has-background is-layout-constrained wp-container-core-group-is-layout-10bc4538 wp-block-group-is-layout-constrained\" style=\"border-width:4px;border-radius:200px;padding-top:var(--wp--preset--spacing--80);padding-right:var(--wp--preset--spacing--80);padding-bottom:var(--wp--preset--spacing--80);padding-left:var(--wp--preset--spacing--80)\">\n<h2 class=\"wp-block-heading\"><strong>Die Universit\u00e4t<\/strong><\/h2>\n\n\n\n<p>Das Wort Universit\u00e4t stammt von dem lateinischen Wort universitas ab, was soviel wie Gemeinschaft der Lehrenden und Lernenden bedeutet. Die ersten Universit\u00e4ten entstanden im hohen Mittelalter. Im Unterschied zur Schule suchen sich die Studierenden in der Uni ihre F\u00e4cher aus und studieren nur, was ihnen Spa\u00df macht.<\/p>\n<\/div>\n\n\n\n<div class=\"wp-block-group has-raft-fg-alt-background-color has-background is-layout-constrained wp-container-core-group-is-layout-10bc4538 wp-block-group-is-layout-constrained\" style=\"border-width:4px;border-radius:200px;padding-top:var(--wp--preset--spacing--80);padding-right:var(--wp--preset--spacing--80);padding-bottom:var(--wp--preset--spacing--80);padding-left:var(--wp--preset--spacing--80)\">\n<h2 class=\"wp-block-heading\"><strong><strong>Die Vorlesung<\/strong><\/strong><\/h2>\n\n\n\n<p>In einer Vorlesung sitzen bis zu 500 Studierende. Sie h\u00f6ren dem Professor oder der Professorin zu und schreiben mit. Der Begriff Vorlesung stammt aus der Zeit, als B\u00fccher noch sehr teuer waren und die Professoren ihnen die B\u00fccher quasi vorlasen.<\/p>\n<\/div>\n\n\n\n<div class=\"wp-block-group has-pale-pink-background-color has-background is-layout-constrained wp-container-core-group-is-layout-10bc4538 wp-block-group-is-layout-constrained\" style=\"border-width:4px;border-radius:200px;padding-top:var(--wp--preset--spacing--80);padding-right:var(--wp--preset--spacing--80);padding-bottom:var(--wp--preset--spacing--80);padding-left:var(--wp--preset--spacing--80)\">\n<h2 class=\"wp-block-heading\"><strong><strong>Der H\u00f6rsaal<\/strong><\/strong><\/h2>\n\n\n\n<p><strong>\u00a0<\/strong>So wird der Raum genannt, in dem die Vorlesungen stattfinden. Dieser ist meist stufenartig aufgebaut \u2013 wie im Kino. So kann jeder den Professor gut sehen und h\u00f6ren.<\/p>\n<\/div>\n\n\n\n<div class=\"wp-block-group has-light-green-cyan-background-color has-background is-layout-constrained wp-container-core-group-is-layout-10bc4538 wp-block-group-is-layout-constrained\" style=\"border-width:4px;border-radius:200px;padding-top:var(--wp--preset--spacing--80);padding-right:var(--wp--preset--spacing--80);padding-bottom:var(--wp--preset--spacing--80);padding-left:var(--wp--preset--spacing--80)\">\n<h2 class=\"wp-block-heading\"><strong><strong>Das Audimax<\/strong><\/strong><\/h2>\n\n\n\n<p>Das Audimax ist eine Abk\u00fcrzung des lateinischen Begriffes \u201eAuditorium Maximum\u201c. Damit ist der gr\u00f6\u00dfte H\u00f6rsaal einer Universit\u00e4t gemeint.<\/p>\n<\/div>\n\n\n\n<div class=\"wp-block-group has-raft-bg-alt-background-color has-background is-layout-constrained wp-container-core-group-is-layout-10bc4538 wp-block-group-is-layout-constrained\" style=\"border-width:4px;border-radius:200px;padding-top:var(--wp--preset--spacing--80);padding-right:var(--wp--preset--spacing--80);padding-bottom:var(--wp--preset--spacing--80);padding-left:var(--wp--preset--spacing--80)\">\n<h2 class=\"wp-block-heading\"><strong><strong>Der Professor\/die Professorin<\/strong><\/strong><\/h2>\n\n\n\n<p>Professoren sind Lehrer der Universit\u00e4t. Sie unterrichten nicht nur, sie forschen auch und schreiben B\u00fccher.<\/p>\n<\/div>\n\n\n\n<div class=\"wp-block-group has-raft-fg-alt-background-color has-background is-layout-constrained wp-container-core-group-is-layout-10bc4538 wp-block-group-is-layout-constrained\" style=\"border-width:4px;border-radius:200px;padding-top:var(--wp--preset--spacing--80);padding-right:var(--wp--preset--spacing--80);padding-bottom:var(--wp--preset--spacing--80);padding-left:var(--wp--preset--spacing--80)\">\n<h2 class=\"wp-block-heading\"><strong><strong>Der Dozent\/die Dozentin<\/strong><\/strong><\/h2>\n\n\n\n<p>Ein Dozent ist jemand, der an einer Universit\u00e4t einen Vortrag, ein Seminar oder eine Vorlesung h\u00e4lt. Man muss also nicht unbedingt ein Professor sein, man kann auch auf einem bestimmten Gebiet sehr viel Wissen besitzen, um eine Vorlesung halten zu k\u00f6nnen.<\/p>\n<\/div>\n\n\n\n<div class=\"wp-block-group has-pale-pink-background-color has-background is-layout-constrained wp-container-core-group-is-layout-10bc4538 wp-block-group-is-layout-constrained\" style=\"border-width:4px;border-radius:200px;padding-top:var(--wp--preset--spacing--80);padding-right:var(--wp--preset--spacing--80);padding-bottom:var(--wp--preset--spacing--80);padding-left:var(--wp--preset--spacing--80)\">\n<h2 class=\"wp-block-heading\"><strong><strong><strong>Der Kommilitone\/ Die Kommilitonin<\/strong><\/strong><\/strong><\/h2>\n\n\n\n<p>In der Schule sagt ihr zu allen, die mit euch zur Schule gehen, \u201eMitsch\u00fcler\u201c. An der Uni spricht man von \u201eKommilitonen\u201c.<\/p>\n<\/div>\n\n\n\n<div class=\"wp-block-group has-light-green-cyan-background-color has-background is-layout-constrained wp-container-core-group-is-layout-10bc4538 wp-block-group-is-layout-constrained\" style=\"border-width:4px;border-radius:200px;padding-top:var(--wp--preset--spacing--80);padding-right:var(--wp--preset--spacing--80);padding-bottom:var(--wp--preset--spacing--80);padding-left:var(--wp--preset--spacing--80)\">\n<h2 class=\"wp-block-heading\"><strong><strong><strong>Das Semester<\/strong><\/strong><\/strong><\/h2>\n\n\n\n<p>Nicht die Jahre z\u00e4hlen an der Uni, sondern die Semester. Auch das kommt aus dem Lateinischen von \u201esemestris\u201c, was sechs Monate bedeutet. Ein Studienjahr besteht aus einem Winter- und einem Sommersemester.<\/p>\n<\/div>\n\n\n\n<div class=\"wp-block-group has-raft-bg-alt-background-color has-background is-layout-constrained wp-container-core-group-is-layout-10bc4538 wp-block-group-is-layout-constrained\" style=\"border-width:4px;border-radius:200px;padding-top:var(--wp--preset--spacing--80);padding-right:var(--wp--preset--spacing--80);padding-bottom:var(--wp--preset--spacing--80);padding-left:var(--wp--preset--spacing--80)\">\n<h2 class=\"wp-block-heading\"><strong><strong>Die Mensa<\/strong><\/strong><\/h2>\n\n\n\n<p>Die Mensa ist das gro\u00dfe Uni-Restaurant, in dem die Studierenden f\u00fcr wenig Geld zu Mittag essen k\u00f6nnen. Das Essen in der Siegener Mensa ist sehr lecker!<\/p>\n<\/div>\n\n\n\n<div class=\"wp-block-group has-raft-fg-alt-background-color has-background is-layout-constrained wp-container-core-group-is-layout-10bc4538 wp-block-group-is-layout-constrained\" style=\"border-width:4px;border-radius:200px;padding-top:var(--wp--preset--spacing--80);padding-right:var(--wp--preset--spacing--80);padding-bottom:var(--wp--preset--spacing--80);padding-left:var(--wp--preset--spacing--80)\">\n<h2 class=\"wp-block-heading\"><strong><strong>Das Klopfen<\/strong><\/strong><\/h2>\n\n\n\n<p>In der Universit\u00e4t klopft man nach einer Vorlesung auf den Tisch. Es ist wie das Klatschen nach einer Vorstellung im Zirkus oder im Theater. Man zeigt damit, dass es einem gefallen hat. Fr\u00fcher gab es auch noch das \u201eZischen\u201c\u00a0 \u2013 wenn es den Studenten nicht gefallen hat. Heute jedoch h\u00f6rt man\u00a0das \u201eZischen\u201c\u00a0nicht mehr.<\/p>\n<\/div>\n\n\n\n<div class=\"wp-block-group has-pale-pink-background-color has-background is-layout-constrained wp-container-core-group-is-layout-10bc4538 wp-block-group-is-layout-constrained\" style=\"border-width:4px;border-radius:200px;padding-top:var(--wp--preset--spacing--80);padding-right:var(--wp--preset--spacing--80);padding-bottom:var(--wp--preset--spacing--80);padding-left:var(--wp--preset--spacing--80)\">\n<h2 class=\"wp-block-heading\"><strong><strong><strong>Der Campus<\/strong><\/strong><\/strong><\/h2>\n\n\n\n<p>Als Campus bezeichnet man die gesamte Fl\u00e4che, auf der sich die Geb\u00e4ude der Universit\u00e4t befinden.<\/p>\n<\/div>\n\n\n\n<div class=\"wp-block-group has-light-green-cyan-background-color has-background is-layout-constrained wp-container-core-group-is-layout-260c30c9 wp-block-group-is-layout-constrained\" style=\"border-width:4px;border-radius:200px;padding-top:var(--wp--preset--spacing--80);padding-right:var(--wp--preset--spacing--80);padding-bottom:var(--wp--preset--spacing--80);padding-left:var(--wp--preset--spacing--80)\">\n<h2 class=\"wp-block-heading\"><strong>Die Bibliothek<\/strong><\/h2>\n\n\n\n<p>Wie ihr bestimmt wisst, kann man sich in einer Bibliothek B\u00fccher ausleihen. In einer Universit\u00e4tsbibliothek bekommt man Fachliteratur, also B\u00fccher zu vielen verschiedenen Themen, mit denen sich die Studierenden in den Vorlesungen besch\u00e4ftigen.<\/p>\n<\/div>\n\n\n\n<div class=\"wp-block-group has-raft-bg-alt-background-color has-background is-layout-constrained wp-container-core-group-is-layout-10bc4538 wp-block-group-is-layout-constrained\" style=\"border-width:4px;border-radius:200px;padding-top:var(--wp--preset--spacing--80);padding-right:var(--wp--preset--spacing--80);padding-bottom:var(--wp--preset--spacing--80);padding-left:var(--wp--preset--spacing--80)\">\n<h2 class=\"wp-block-heading\"><strong><strong>R\u00fcckmeldung<\/strong><\/strong><\/h2>\n\n\n\n<p>Nicht alle Studenten wollen im n\u00e4chsten Semester weiter studieren. Wer sich nicht ausdr\u00fccklich zur\u00fcck meldet, sagt damit, dass er aufh\u00f6ren will.<\/p>\n<\/div>\n\n\n\n<div class=\"wp-block-group has-raft-fg-alt-background-color has-background is-layout-constrained wp-container-core-group-is-layout-10bc4538 wp-block-group-is-layout-constrained\" style=\"border-width:4px;border-radius:200px;padding-top:var(--wp--preset--spacing--80);padding-right:var(--wp--preset--spacing--80);padding-bottom:var(--wp--preset--spacing--80);padding-left:var(--wp--preset--spacing--80)\">\n<h2 class=\"wp-block-heading\"><strong><strong>s.t.\/c.t.<\/strong><\/strong><\/h2>\n\n\n\n<p>Die Abk\u00fcrzung s.t. steht f\u00fcr \u201esine tempore = ohne Zeit\u201c und bedeutet, dass eine Vorlesung, ein Seminar etc. p\u00fcnktlich zur vollen Stunde beginnt.An einer Universit\u00e4t beginnen die Veranstaltungen in der Regel c.t. und das steht f\u00fcr \u201ecum tempore = mit Zeit\u201c und bedeutet wiederum, dass die Studierenden sich p\u00fcnktlich um Viertel nach der jeweils angegebenen Stunde eingefunden haben sollten. Ist eine Vorlesung beispielsweise 12.00 Uhr c.t.angek\u00fcndigt, dann beginnt diese p\u00fcnktlich um 12.15 Uh<\/p>\n<\/div>\n","protected":false},"excerpt":{"rendered":"<p>Wie ihr vielleicht schon bemerkt habt, begegnen euch an der Uni einige W\u00f6rter, die ihr bestimmt noch nicht kennt. Ich werde euch nun ein paar davon erkl\u00e4ren, damit ihr mitreden k\u00f6nnt. Und vielleicht bringt ihr sogar euren Eltern noch etwas bei! Die Universit\u00e4t Das Wort Universit\u00e4t stammt von dem lateinischen Wort universitas ab, was soviel [&hellip;]<\/p>\n","protected":false},"author":1,"featured_media":0,"parent":0,"menu_order":0,"comment_status":"closed","ping_status":"closed","template":"","meta":{"inline_featured_image":false,"footnotes":""},"class_list":["post-550","page","type-page","status-publish","hentry"],"_links":{"self":[{"href":"https:\/\/kinderuni-siegen.de\/index.php?rest_route=\/wp\/v2\/pages\/550","targetHints":{"allow":["GET"]}}],"collection":[{"href":"https:\/\/kinderuni-siegen.de\/index.php?rest_route=\/wp\/v2\/pages"}],"about":[{"href":"https:\/\/kinderuni-siegen.de\/index.php?rest_route=\/wp\/v2\/types\/page"}],"author":[{"embeddable":true,"href":"https:\/\/kinderuni-siegen.de\/index.php?rest_route=\/wp\/v2\/users\/1"}],"replies":[{"embeddable":true,"href":"https:\/\/kinderuni-siegen.de\/index.php?rest_route=%2Fwp%2Fv2%2Fcomments&post=550"}],"version-history":[{"count":7,"href":"https:\/\/kinderuni-siegen.de\/index.php?rest_route=\/wp\/v2\/pages\/550\/revisions"}],"predecessor-version":[{"id":708,"href":"https:\/\/kinderuni-siegen.de\/index.php?rest_route=\/wp\/v2\/pages\/550\/revisions\/708"}],"wp:attachment":[{"href":"https:\/\/kinderuni-siegen.de\/index.php?rest_route=%2Fwp%2Fv2%2Fmedia&parent=550"}],"curies":[{"name":"wp","href":"https:\/\/api.w.org\/{rel}","templated":true}]}}