{"id":574,"date":"2023-09-19T14:39:08","date_gmt":"2023-09-19T12:39:08","guid":{"rendered":"https:\/\/kiuni.uber.space\/?page_id=574"},"modified":"2023-10-13T19:20:13","modified_gmt":"2023-10-13T17:20:13","slug":"aktuelle-vorlesungen","status":"publish","type":"page","link":"https:\/\/kinderuni-siegen.de\/?page_id=574","title":{"rendered":"Aktuelle Vorlesungs-Staffel"},"content":{"rendered":"\n<div class=\"wp-block-group has-raft-bg-background-color has-background is-layout-constrained wp-container-core-group-is-layout-59a7594b wp-block-group-is-layout-constrained\" style=\"margin-top:0px;margin-bottom:0px;padding-top:64px;padding-bottom:64px\">\n<div class=\"wp-block-query alignwide is-layout-flow wp-block-query-is-layout-flow\"><ul class=\"wp-block-post-template is-layout-flow wp-container-core-post-template-is-layout-c824beb3 wp-block-post-template-is-layout-flow\"><li class=\"wp-block-post post-1254 post type-post status-publish format-standard has-post-thumbnail hentry category-vorlesung\">\n\n<div class=\"wp-block-group alignfull has-raft-bg-alt-background-color has-background is-layout-flow wp-container-core-group-is-layout-72377c30 wp-block-group-is-layout-flow\" style=\"border-width:4px;border-radius:200px;min-height:680px;margin-top:0px;margin-bottom:0px;padding-top:30px;padding-right:var(--wp--preset--spacing--70);padding-bottom:30px;padding-left:var(--wp--preset--spacing--70)\"><figure style=\"aspect-ratio:1;width:200px;height:200px; padding-top:0;padding-bottom:0;padding-left:0;padding-right:0;margin-top:0;margin-bottom:0;margin-left:0;margin-right:0;\" class=\"aligncenter wp-block-post-featured-image wp-duotone-grayscale\"><a href=\"https:\/\/kinderuni-siegen.de\/?p=1254\" target=\"_self\"  style=\"height:200px\"><img loading=\"lazy\" decoding=\"async\" width=\"1000\" height=\"790\" src=\"https:\/\/kinderuni-siegen.de\/wp-content\/uploads\/2025\/12\/lda_sachsen_anhalt_himmelsscheibe_nebra_juraj_liptak.jpg\" class=\"attachment-post-thumbnail size-post-thumbnail wp-post-image\" alt=\"&#8222;S\u00e4en,\u00a0Ernte, Sterne: Wie nutzten Menschen vor etwa 3000 Jahren die Himmelsscheibe von Nebra?&#8220;\" style=\"border-radius:300px;border-width:4px;width:100%;height:100%;object-fit:cover;\" srcset=\"https:\/\/kinderuni-siegen.de\/wp-content\/uploads\/2025\/12\/lda_sachsen_anhalt_himmelsscheibe_nebra_juraj_liptak.jpg 1000w, https:\/\/kinderuni-siegen.de\/wp-content\/uploads\/2025\/12\/lda_sachsen_anhalt_himmelsscheibe_nebra_juraj_liptak-300x237.jpg 300w, https:\/\/kinderuni-siegen.de\/wp-content\/uploads\/2025\/12\/lda_sachsen_anhalt_himmelsscheibe_nebra_juraj_liptak-768x607.jpg 768w\" sizes=\"auto, (max-width: 1000px) 100vw, 1000px\" \/><\/a><\/figure>\n\n<p>Alina Ettrich &#038; Katharina Gr\u00f6pl<\/p>\n\n\n<h2 class=\"wp-block-post-title\"><a href=\"https:\/\/kinderuni-siegen.de\/?p=1254\" target=\"_self\" >&#8222;S\u00e4en,\u00a0Ernte, Sterne: Wie nutzten Menschen vor etwa 3000 Jahren die Himmelsscheibe von Nebra?&#8220;<\/a><\/h2>\n\n<p>24. Februar 2026 | 16:30 &#8211; 18:30 Uhr<\/p>\n\n\n<div style=\"height:20px\" aria-hidden=\"true\" class=\"wp-block-spacer\"><\/div>\n\n\n<div class=\"has-text-align-center has-link-color wp-elements-fad46c8391d8e67e988ccb7a5490112d wp-block-post-excerpt has-text-color has-raft-fg-color\"><p class=\"wp-block-post-excerpt__excerpt\">\u00a9 Landesmuseum f\u00fcr Vorgeschichte Sachsen-Anhalt Halle (Bild Himmelsscheibe)<\/p><p class=\"wp-block-post-excerpt__more-text\"><a class=\"wp-block-post-excerpt__more-link\" href=\"https:\/\/kinderuni-siegen.de\/?p=1254\"><strong>Mehr dazu<\/strong><\/a><\/p><\/div><\/div>\n\n<\/li><li class=\"wp-block-post post-1236 post type-post status-publish format-standard has-post-thumbnail hentry category-vorlesung\">\n\n<div class=\"wp-block-group alignfull has-raft-bg-alt-background-color has-background is-layout-flow wp-container-core-group-is-layout-72377c30 wp-block-group-is-layout-flow\" style=\"border-width:4px;border-radius:200px;min-height:680px;margin-top:0px;margin-bottom:0px;padding-top:30px;padding-right:var(--wp--preset--spacing--70);padding-bottom:30px;padding-left:var(--wp--preset--spacing--70)\"><figure style=\"aspect-ratio:1;width:200px;height:200px; padding-top:0;padding-bottom:0;padding-left:0;padding-right:0;margin-top:0;margin-bottom:0;margin-left:0;margin-right:0;\" class=\"aligncenter wp-block-post-featured-image wp-duotone-grayscale\"><a href=\"https:\/\/kinderuni-siegen.de\/?p=1236\" target=\"_self\"  style=\"height:200px\"><img loading=\"lazy\" decoding=\"async\" width=\"225\" height=\"225\" src=\"https:\/\/kinderuni-siegen.de\/wp-content\/uploads\/2025\/10\/thumbnail_T-Fuss.jpg\" class=\"attachment-post-thumbnail size-post-thumbnail wp-post-image\" alt=\"&#8222;Von Winterschlaf bis Frostschutzmittel: Welche Tricks nutzen Tiere, um die kalte Jahreszeit zu \u00fcberstehen?&#8220;\" style=\"border-radius:300px;border-width:4px;width:100%;height:100%;object-fit:cover;\" srcset=\"https:\/\/kinderuni-siegen.de\/wp-content\/uploads\/2025\/10\/thumbnail_T-Fuss.jpg 225w, https:\/\/kinderuni-siegen.de\/wp-content\/uploads\/2025\/10\/thumbnail_T-Fuss-150x150.jpg 150w\" sizes=\"auto, (max-width: 225px) 100vw, 225px\" \/><\/a><\/figure>\n\n<p>Dr.in Theodora Fuss<\/p>\n\n\n<h2 class=\"wp-block-post-title\"><a href=\"https:\/\/kinderuni-siegen.de\/?p=1236\" target=\"_self\" >&#8222;Von Winterschlaf bis Frostschutzmittel: Welche Tricks nutzen Tiere, um die kalte Jahreszeit zu \u00fcberstehen?&#8220;<\/a><\/h2>\n\n<p>3. M\u00e4rz 2026 | 17:00 &#8211; 18:00 Uhr<\/p>\n\n\n<div style=\"height:20px\" aria-hidden=\"true\" class=\"wp-block-spacer\"><\/div>\n\n\n<div class=\"has-text-align-center has-link-color wp-elements-fad46c8391d8e67e988ccb7a5490112d wp-block-post-excerpt has-text-color has-raft-fg-color\"><p class=\"wp-block-post-excerpt__excerpt\">Bild ist von der \u00a9 Uni Siegen<\/p><p class=\"wp-block-post-excerpt__more-text\"><a class=\"wp-block-post-excerpt__more-link\" href=\"https:\/\/kinderuni-siegen.de\/?p=1236\"><strong>Mehr dazu<\/strong><\/a><\/p><\/div><\/div>\n\n<\/li><li class=\"wp-block-post post-1330 post type-post status-publish format-standard has-post-thumbnail hentry category-vorlesung\">\n\n<div class=\"wp-block-group alignfull has-raft-bg-alt-background-color has-background is-layout-flow wp-container-core-group-is-layout-72377c30 wp-block-group-is-layout-flow\" style=\"border-width:4px;border-radius:200px;min-height:680px;margin-top:0px;margin-bottom:0px;padding-top:30px;padding-right:var(--wp--preset--spacing--70);padding-bottom:30px;padding-left:var(--wp--preset--spacing--70)\"><figure style=\"aspect-ratio:1;width:200px;height:200px; padding-top:0;padding-bottom:0;padding-left:0;padding-right:0;margin-top:0;margin-bottom:0;margin-left:0;margin-right:0;\" class=\"aligncenter wp-block-post-featured-image wp-duotone-grayscale\"><a href=\"https:\/\/kinderuni-siegen.de\/?p=1330\" target=\"_self\"  style=\"height:200px\"><img loading=\"lazy\" decoding=\"async\" width=\"148\" height=\"148\" src=\"https:\/\/kinderuni-siegen.de\/wp-content\/uploads\/2025\/12\/Daniel-Mueller-Uni-Siegen.jpg\" class=\"attachment-post-thumbnail size-post-thumbnail wp-post-image\" alt=\"&#8222;Vom subtropischen Klima bis zum k\u00e4ltesten Punkt der Erde: Wie erleben die rund 100 V\u00f6lker Russlands die Jahreszeiten?\u201c\" style=\"border-radius:300px;border-width:4px;width:100%;height:100%;object-fit:cover;\" \/><\/a><\/figure>\n\n<p>Dr. Daniel M\u00fcller<\/p>\n\n\n<h2 class=\"wp-block-post-title\"><a href=\"https:\/\/kinderuni-siegen.de\/?p=1330\" target=\"_self\" >&#8222;Vom subtropischen Klima bis zum k\u00e4ltesten Punkt der Erde: Wie erleben die rund 100 V\u00f6lker Russlands die Jahreszeiten?\u201c<\/a><\/h2>\n\n<p>10. M\u00e4rz 2026 | 17:00 &#8211; 18:00 Uhr<\/p>\n\n\n<div style=\"height:20px\" aria-hidden=\"true\" class=\"wp-block-spacer\"><\/div>\n\n\n<div class=\"has-text-align-center has-link-color wp-elements-fad46c8391d8e67e988ccb7a5490112d wp-block-post-excerpt has-text-color has-raft-fg-color\"><p class=\"wp-block-post-excerpt__excerpt\"><\/p><p class=\"wp-block-post-excerpt__more-text\"><a class=\"wp-block-post-excerpt__more-link\" href=\"https:\/\/kinderuni-siegen.de\/?p=1330\"><strong>Mehr dazu<\/strong><\/a><\/p><\/div><\/div>\n\n<\/li><li class=\"wp-block-post post-1247 post type-post status-publish format-standard has-post-thumbnail hentry category-vorlesung\">\n\n<div class=\"wp-block-group alignfull has-raft-bg-alt-background-color has-background is-layout-flow wp-container-core-group-is-layout-72377c30 wp-block-group-is-layout-flow\" style=\"border-width:4px;border-radius:200px;min-height:680px;margin-top:0px;margin-bottom:0px;padding-top:30px;padding-right:var(--wp--preset--spacing--70);padding-bottom:30px;padding-left:var(--wp--preset--spacing--70)\"><figure style=\"aspect-ratio:1;width:200px;height:200px; padding-top:0;padding-bottom:0;padding-left:0;padding-right:0;margin-top:0;margin-bottom:0;margin-left:0;margin-right:0;\" class=\"aligncenter wp-block-post-featured-image wp-duotone-grayscale\"><a href=\"https:\/\/kinderuni-siegen.de\/?p=1247\" target=\"_self\"  style=\"height:200px\"><img loading=\"lazy\" decoding=\"async\" width=\"1000\" height=\"1126\" src=\"https:\/\/kinderuni-siegen.de\/wp-content\/uploads\/2025\/12\/Bend_Bild.jpeg\" class=\"attachment-post-thumbnail size-post-thumbnail wp-post-image\" alt=\"&#8222;Ostern, St. Martin, Weihnachten: Wie beeinflussen religi\u00f6se Feste unser Jahr?\u201c\" style=\"border-radius:300px;border-width:4px;width:100%;height:100%;object-fit:cover;\" srcset=\"https:\/\/kinderuni-siegen.de\/wp-content\/uploads\/2025\/12\/Bend_Bild.jpeg 1000w, https:\/\/kinderuni-siegen.de\/wp-content\/uploads\/2025\/12\/Bend_Bild-266x300.jpeg 266w, https:\/\/kinderuni-siegen.de\/wp-content\/uploads\/2025\/12\/Bend_Bild-909x1024.jpeg 909w, https:\/\/kinderuni-siegen.de\/wp-content\/uploads\/2025\/12\/Bend_Bild-768x865.jpeg 768w\" sizes=\"auto, (max-width: 1000px) 100vw, 1000px\" \/><\/a><\/figure>\n\n<p>Dr. Niklas Bend<\/p>\n\n\n<h2 class=\"wp-block-post-title\"><a href=\"https:\/\/kinderuni-siegen.de\/?p=1247\" target=\"_self\" >&#8222;Ostern, St. Martin, Weihnachten: Wie beeinflussen religi\u00f6se Feste unser Jahr?\u201c<\/a><\/h2>\n\n<p>17. M\u00e4rz 2026 | 17:00 &#8211; 18:00 Uhr<\/p>\n\n\n<div style=\"height:20px\" aria-hidden=\"true\" class=\"wp-block-spacer\"><\/div>\n\n\n<div class=\"has-text-align-center has-link-color wp-elements-fad46c8391d8e67e988ccb7a5490112d wp-block-post-excerpt has-text-color has-raft-fg-color\"><p class=\"wp-block-post-excerpt__excerpt\">\u00a9 Uni Siegen (Bild)<\/p><p class=\"wp-block-post-excerpt__more-text\"><a class=\"wp-block-post-excerpt__more-link\" href=\"https:\/\/kinderuni-siegen.de\/?p=1247\"><strong>Mehr dazu<\/strong><\/a><\/p><\/div><\/div>\n\n<\/li><li class=\"wp-block-post post-1261 post type-post status-publish format-standard has-post-thumbnail hentry category-vorlesung\">\n\n<div class=\"wp-block-group alignfull has-raft-bg-alt-background-color has-background is-layout-flow wp-container-core-group-is-layout-72377c30 wp-block-group-is-layout-flow\" style=\"border-width:4px;border-radius:200px;min-height:680px;margin-top:0px;margin-bottom:0px;padding-top:30px;padding-right:var(--wp--preset--spacing--70);padding-bottom:30px;padding-left:var(--wp--preset--spacing--70)\"><figure style=\"aspect-ratio:1;width:200px;height:200px; padding-top:0;padding-bottom:0;padding-left:0;padding-right:0;margin-top:0;margin-bottom:0;margin-left:0;margin-right:0;\" class=\"aligncenter wp-block-post-featured-image wp-duotone-grayscale\"><a href=\"https:\/\/kinderuni-siegen.de\/?p=1261\" target=\"_self\"  style=\"height:200px\"><img loading=\"lazy\" decoding=\"async\" width=\"800\" height=\"1200\" src=\"https:\/\/kinderuni-siegen.de\/wp-content\/uploads\/2025\/12\/Colner-Barockorchester-Christian-Palm-min-size-108.jpg\" class=\"attachment-post-thumbnail size-post-thumbnail wp-post-image\" alt=\"&#8222;Klang der Jahreszeiten: Was verr\u00e4t uns Musik \u00fcber Fr\u00fchling, Sommer, Herbst und Winter?&#8220;\" style=\"border-radius:300px;border-width:4px;width:100%;height:100%;object-fit:cover;\" srcset=\"https:\/\/kinderuni-siegen.de\/wp-content\/uploads\/2025\/12\/Colner-Barockorchester-Christian-Palm-min-size-108.jpg 800w, https:\/\/kinderuni-siegen.de\/wp-content\/uploads\/2025\/12\/Colner-Barockorchester-Christian-Palm-min-size-108-200x300.jpg 200w, https:\/\/kinderuni-siegen.de\/wp-content\/uploads\/2025\/12\/Colner-Barockorchester-Christian-Palm-min-size-108-683x1024.jpg 683w, https:\/\/kinderuni-siegen.de\/wp-content\/uploads\/2025\/12\/Colner-Barockorchester-Christian-Palm-min-size-108-768x1152.jpg 768w\" sizes=\"auto, (max-width: 800px) 100vw, 800px\" \/><\/a><\/figure>\n\n<p>Univ.-Prof. Dr. Evelyn Buyken &#038; Felix Ludewig<\/p>\n\n\n<h2 class=\"wp-block-post-title\"><a href=\"https:\/\/kinderuni-siegen.de\/?p=1261\" target=\"_self\" >&#8222;Klang der Jahreszeiten: Was verr\u00e4t uns Musik \u00fcber Fr\u00fchling, Sommer, Herbst und Winter?&#8220;<\/a><\/h2>\n\n<p>24. M\u00e4rz 2026 | 17:00 &#8211; 18:00 Uhr<\/p>\n\n\n<div style=\"height:20px\" aria-hidden=\"true\" class=\"wp-block-spacer\"><\/div>\n\n\n<div class=\"has-text-align-center has-link-color wp-elements-fad46c8391d8e67e988ccb7a5490112d wp-block-post-excerpt has-text-color has-raft-fg-color\"><p class=\"wp-block-post-excerpt__excerpt\">\u00a9 Privat<\/p><p class=\"wp-block-post-excerpt__more-text\"><a class=\"wp-block-post-excerpt__more-link\" href=\"https:\/\/kinderuni-siegen.de\/?p=1261\"><strong>Mehr dazu<\/strong><\/a><\/p><\/div><\/div>\n\n<\/li><\/ul>\n\n<\/div>\n<\/div>\n","protected":false},"excerpt":{"rendered":"","protected":false},"author":1,"featured_media":0,"parent":0,"menu_order":0,"comment_status":"closed","ping_status":"closed","template":"","meta":{"inline_featured_image":false,"footnotes":""},"class_list":["post-574","page","type-page","status-publish","hentry"],"_links":{"self":[{"href":"https:\/\/kinderuni-siegen.de\/index.php?rest_route=\/wp\/v2\/pages\/574","targetHints":{"allow":["GET"]}}],"collection":[{"href":"https:\/\/kinderuni-siegen.de\/index.php?rest_route=\/wp\/v2\/pages"}],"about":[{"href":"https:\/\/kinderuni-siegen.de\/index.php?rest_route=\/wp\/v2\/types\/page"}],"author":[{"embeddable":true,"href":"https:\/\/kinderuni-siegen.de\/index.php?rest_route=\/wp\/v2\/users\/1"}],"replies":[{"embeddable":true,"href":"https:\/\/kinderuni-siegen.de\/index.php?rest_route=%2Fwp%2Fv2%2Fcomments&post=574"}],"version-history":[{"count":7,"href":"https:\/\/kinderuni-siegen.de\/index.php?rest_route=\/wp\/v2\/pages\/574\/revisions"}],"predecessor-version":[{"id":895,"href":"https:\/\/kinderuni-siegen.de\/index.php?rest_route=\/wp\/v2\/pages\/574\/revisions\/895"}],"wp:attachment":[{"href":"https:\/\/kinderuni-siegen.de\/index.php?rest_route=%2Fwp%2Fv2%2Fmedia&parent=574"}],"curies":[{"name":"wp","href":"https:\/\/api.w.org\/{rel}","templated":true}]}}